{"id":1660,"date":"2023-07-17T11:00:54","date_gmt":"2023-07-17T09:00:54","guid":{"rendered":"https:\/\/josepcarleslainez.com\/contacte\/"},"modified":"2025-01-09T14:02:40","modified_gmt":"2025-01-09T13:02:40","slug":"contacte","status":"publish","type":"page","link":"https:\/\/josepcarleslainez.com\/va\/contacte\/","title":{"rendered":"Contacte"},"content":{"rendered":"\n\n\t<h2>\n\t\t\t\tContacto\n\t\t\t<\/h2>\n\t<p>Puedes ponerte en contacto conmigo a trav\u00e9s de este formulario y te responder\u00e9 a la mayor brevedad posible<\/p>\n<h4>\n\t\tJosep Carles La\u00ednez\n\t<\/h4>\n\t<ul>\n\t\t<li>\t\t\t\t\n\t\t<h3>Val\u00e8ncia (ESP)<\/h3><\/li><li>\t\t\t\t\n\t\t<h3><a href=\"mailto:info@josepcarleslainez.com\" target=\"_self\"  aria-label=\"Go to mailto:info@josepcarleslainez.com\">info@josepcarleslainez.com<\/a><\/h3><\/li>\t<\/ul>\n\n","protected":false},"excerpt":{"rendered":"<p>Contacto Puedes ponerte en contacto conmigo a trav\u00e9s de este formulario y te responder\u00e9 a la mayor brevedad posible Josep Carles La\u00ednez Val\u00e8ncia (ESP) info@josepcarleslainez.com<\/p>\n","protected":false},"author":1,"featured_media":2342,"parent":0,"menu_order":0,"comment_status":"closed","ping_status":"closed","template":"","meta":{"footnotes":""},"class_list":["post-1660","page","type-page","status-publish","has-post-thumbnail","hentry"],"yoast_head":"<!-- This site is optimized with the Yoast SEO plugin v27.4 - https:\/\/yoast.com\/product\/yoast-seo-wordpress\/ -->\n<title>Contacte | Josep Carles La\u00ednez | Literatura &amp; Art<\/title>\n<meta name=\"description\" content=\"Contacte Josep Carles *La\u00ednez. Pots posar-te en contacte amb mi a trav\u00e9s d&#039;aquest formulari i et respondr\u00e9 com m\u00e9s prompte millor.\" \/>\n<meta name=\"robots\" content=\"index, follow, max-snippet:-1, max-image-preview:large, max-video-preview:-1\" \/>\n<link rel=\"canonical\" href=\"https:\/\/josepcarleslainez.com\/va\/contacte\/\" \/>\n<meta property=\"og:locale\" content=\"en_US\" \/>\n<meta property=\"og:type\" content=\"article\" \/>\n<meta property=\"og:title\" content=\"Contacte | Josep Carles La\u00ednez | Literatura &amp; Art\" \/>\n<meta property=\"og:description\" content=\"Contacte Josep Carles *La\u00ednez. Pots posar-te en contacte amb mi a trav\u00e9s d&#039;aquest formulari i et respondr\u00e9 com m\u00e9s prompte millor.\" \/>\n<meta property=\"og:url\" content=\"https:\/\/josepcarleslainez.com\/va\/contacte\/\" \/>\n<meta property=\"og:site_name\" content=\"Josep Carles La\u00ednez\" \/>\n<meta property=\"article:modified_time\" content=\"2025-01-09T13:02:40+00:00\" \/>\n<meta property=\"og:image\" content=\"https:\/\/josepcarleslainez.com\/wp-content\/uploads\/JosepCarlesLainez_Contacto-1.jpg\" \/>\n\t<meta property=\"og:image:width\" content=\"1500\" \/>\n\t<meta property=\"og:image:height\" content=\"750\" \/>\n\t<meta property=\"og:image:type\" content=\"image\/jpeg\" \/>\n<meta name=\"twitter:card\" content=\"summary_large_image\" \/>\n<meta name=\"twitter:label1\" content=\"Est. reading time\" \/>\n\t<meta name=\"twitter:data1\" content=\"1 minute\" \/>\n<script type=\"application\/ld+json\" class=\"yoast-schema-graph\">{\"@context\":\"https:\\\/\\\/schema.org\",\"@graph\":[{\"@type\":\"WebPage\",\"@id\":\"https:\\\/\\\/josepcarleslainez.com\\\/va\\\/contacte\\\/\",\"url\":\"https:\\\/\\\/josepcarleslainez.com\\\/va\\\/contacte\\\/\",\"name\":\"Contacte | Josep Carles La\u00ednez | Literatura & Art\",\"isPartOf\":{\"@id\":\"https:\\\/\\\/josepcarleslainez.com\\\/va\\\/#website\"},\"primaryImageOfPage\":{\"@id\":\"https:\\\/\\\/josepcarleslainez.com\\\/va\\\/contacte\\\/#primaryimage\"},\"image\":{\"@id\":\"https:\\\/\\\/josepcarleslainez.com\\\/va\\\/contacte\\\/#primaryimage\"},\"thumbnailUrl\":\"https:\\\/\\\/josepcarleslainez.com\\\/wp-content\\\/uploads\\\/JosepCarlesLainez_Contacto-1.jpg\",\"datePublished\":\"2023-07-17T09:00:54+00:00\",\"dateModified\":\"2025-01-09T13:02:40+00:00\",\"description\":\"Contacte Josep Carles *La\u00ednez. Pots posar-te en contacte amb mi a trav\u00e9s d'aquest formulari i et respondr\u00e9 com m\u00e9s prompte millor.\",\"breadcrumb\":{\"@id\":\"https:\\\/\\\/josepcarleslainez.com\\\/va\\\/contacte\\\/#breadcrumb\"},\"inLanguage\":\"va-ES\",\"potentialAction\":[{\"@type\":\"ReadAction\",\"target\":[\"https:\\\/\\\/josepcarleslainez.com\\\/va\\\/contacte\\\/\"]}]},{\"@type\":\"ImageObject\",\"inLanguage\":\"va-ES\",\"@id\":\"https:\\\/\\\/josepcarleslainez.com\\\/va\\\/contacte\\\/#primaryimage\",\"url\":\"https:\\\/\\\/josepcarleslainez.com\\\/wp-content\\\/uploads\\\/JosepCarlesLainez_Contacto-1.jpg\",\"contentUrl\":\"https:\\\/\\\/josepcarleslainez.com\\\/wp-content\\\/uploads\\\/JosepCarlesLainez_Contacto-1.jpg\",\"width\":1500,\"height\":750,\"caption\":\"Contacto Josep Carles La\u00ednez\"},{\"@type\":\"BreadcrumbList\",\"@id\":\"https:\\\/\\\/josepcarleslainez.com\\\/va\\\/contacte\\\/#breadcrumb\",\"itemListElement\":[{\"@type\":\"ListItem\",\"position\":1,\"name\":\"Inici\",\"item\":\"https:\\\/\\\/josepcarleslainez.com\\\/va\\\/\"},{\"@type\":\"ListItem\",\"position\":2,\"name\":\"Contacte\"}]},{\"@type\":\"WebSite\",\"@id\":\"https:\\\/\\\/josepcarleslainez.com\\\/va\\\/#website\",\"url\":\"https:\\\/\\\/josepcarleslainez.com\\\/va\\\/\",\"name\":\"Josep Carles La\u00ednez\",\"description\":\"Literatura &amp; Arte\",\"publisher\":{\"@id\":\"https:\\\/\\\/josepcarleslainez.com\\\/va\\\/#\\\/schema\\\/person\\\/4df12f79903b0a8f8bda77c99ca37ca1\"},\"potentialAction\":[{\"@type\":\"SearchAction\",\"target\":{\"@type\":\"EntryPoint\",\"urlTemplate\":\"https:\\\/\\\/josepcarleslainez.com\\\/va\\\/?s={search_term_string}\"},\"query-input\":{\"@type\":\"PropertyValueSpecification\",\"valueRequired\":true,\"valueName\":\"search_term_string\"}}],\"inLanguage\":\"va-ES\"},{\"@type\":[\"Person\",\"Organization\"],\"@id\":\"https:\\\/\\\/josepcarleslainez.com\\\/va\\\/#\\\/schema\\\/person\\\/4df12f79903b0a8f8bda77c99ca37ca1\",\"name\":\"Josep Carles La\u00ednez\",\"image\":{\"@type\":\"ImageObject\",\"inLanguage\":\"va-ES\",\"@id\":\"https:\\\/\\\/josepcarleslainez.com\\\/wp-content\\\/uploads\\\/JosepCarlesLainez_Biografia.jpg\",\"url\":\"https:\\\/\\\/josepcarleslainez.com\\\/wp-content\\\/uploads\\\/JosepCarlesLainez_Biografia.jpg\",\"contentUrl\":\"https:\\\/\\\/josepcarleslainez.com\\\/wp-content\\\/uploads\\\/JosepCarlesLainez_Biografia.jpg\",\"width\":571,\"height\":600,\"caption\":\"Josep Carles La\u00ednez\"},\"logo\":{\"@id\":\"https:\\\/\\\/josepcarleslainez.com\\\/wp-content\\\/uploads\\\/JosepCarlesLainez_Biografia.jpg\"},\"sameAs\":[\"https:\\\/\\\/josepcarleslainez.com\"]}]}<\/script>\n<!-- \/ Yoast SEO plugin. -->","yoast_head_json":{"title":"Contacte | Josep Carles La\u00ednez | Literatura & Art","description":"Contacte Josep Carles *La\u00ednez. Pots posar-te en contacte amb mi a trav\u00e9s d'aquest formulari i et respondr\u00e9 com m\u00e9s prompte millor.","robots":{"index":"index","follow":"follow","max-snippet":"max-snippet:-1","max-image-preview":"max-image-preview:large","max-video-preview":"max-video-preview:-1"},"canonical":"https:\/\/josepcarleslainez.com\/va\/contacte\/","og_locale":"en_US","og_type":"article","og_title":"Contacte | Josep Carles La\u00ednez | Literatura & Art","og_description":"Contacte Josep Carles *La\u00ednez. Pots posar-te en contacte amb mi a trav\u00e9s d'aquest formulari i et respondr\u00e9 com m\u00e9s prompte millor.","og_url":"https:\/\/josepcarleslainez.com\/va\/contacte\/","og_site_name":"Josep Carles La\u00ednez","article_modified_time":"2025-01-09T13:02:40+00:00","og_image":[{"width":1500,"height":750,"url":"https:\/\/josepcarleslainez.com\/wp-content\/uploads\/JosepCarlesLainez_Contacto-1.jpg","type":"image\/jpeg"}],"twitter_card":"summary_large_image","twitter_misc":{"Est. reading time":"1 minute"},"schema":{"@context":"https:\/\/schema.org","@graph":[{"@type":"WebPage","@id":"https:\/\/josepcarleslainez.com\/va\/contacte\/","url":"https:\/\/josepcarleslainez.com\/va\/contacte\/","name":"Contacte | Josep Carles La\u00ednez | Literatura & Art","isPartOf":{"@id":"https:\/\/josepcarleslainez.com\/va\/#website"},"primaryImageOfPage":{"@id":"https:\/\/josepcarleslainez.com\/va\/contacte\/#primaryimage"},"image":{"@id":"https:\/\/josepcarleslainez.com\/va\/contacte\/#primaryimage"},"thumbnailUrl":"https:\/\/josepcarleslainez.com\/wp-content\/uploads\/JosepCarlesLainez_Contacto-1.jpg","datePublished":"2023-07-17T09:00:54+00:00","dateModified":"2025-01-09T13:02:40+00:00","description":"Contacte Josep Carles *La\u00ednez. Pots posar-te en contacte amb mi a trav\u00e9s d'aquest formulari i et respondr\u00e9 com m\u00e9s prompte millor.","breadcrumb":{"@id":"https:\/\/josepcarleslainez.com\/va\/contacte\/#breadcrumb"},"inLanguage":"va-ES","potentialAction":[{"@type":"ReadAction","target":["https:\/\/josepcarleslainez.com\/va\/contacte\/"]}]},{"@type":"ImageObject","inLanguage":"va-ES","@id":"https:\/\/josepcarleslainez.com\/va\/contacte\/#primaryimage","url":"https:\/\/josepcarleslainez.com\/wp-content\/uploads\/JosepCarlesLainez_Contacto-1.jpg","contentUrl":"https:\/\/josepcarleslainez.com\/wp-content\/uploads\/JosepCarlesLainez_Contacto-1.jpg","width":1500,"height":750,"caption":"Contacto Josep Carles La\u00ednez"},{"@type":"BreadcrumbList","@id":"https:\/\/josepcarleslainez.com\/va\/contacte\/#breadcrumb","itemListElement":[{"@type":"ListItem","position":1,"name":"Inici","item":"https:\/\/josepcarleslainez.com\/va\/"},{"@type":"ListItem","position":2,"name":"Contacte"}]},{"@type":"WebSite","@id":"https:\/\/josepcarleslainez.com\/va\/#website","url":"https:\/\/josepcarleslainez.com\/va\/","name":"Josep Carles La\u00ednez","description":"Literatura &amp; Arte","publisher":{"@id":"https:\/\/josepcarleslainez.com\/va\/#\/schema\/person\/4df12f79903b0a8f8bda77c99ca37ca1"},"potentialAction":[{"@type":"SearchAction","target":{"@type":"EntryPoint","urlTemplate":"https:\/\/josepcarleslainez.com\/va\/?s={search_term_string}"},"query-input":{"@type":"PropertyValueSpecification","valueRequired":true,"valueName":"search_term_string"}}],"inLanguage":"va-ES"},{"@type":["Person","Organization"],"@id":"https:\/\/josepcarleslainez.com\/va\/#\/schema\/person\/4df12f79903b0a8f8bda77c99ca37ca1","name":"Josep Carles La\u00ednez","image":{"@type":"ImageObject","inLanguage":"va-ES","@id":"https:\/\/josepcarleslainez.com\/wp-content\/uploads\/JosepCarlesLainez_Biografia.jpg","url":"https:\/\/josepcarleslainez.com\/wp-content\/uploads\/JosepCarlesLainez_Biografia.jpg","contentUrl":"https:\/\/josepcarleslainez.com\/wp-content\/uploads\/JosepCarlesLainez_Biografia.jpg","width":571,"height":600,"caption":"Josep Carles La\u00ednez"},"logo":{"@id":"https:\/\/josepcarleslainez.com\/wp-content\/uploads\/JosepCarlesLainez_Biografia.jpg"},"sameAs":["https:\/\/josepcarleslainez.com"]}]}},"_links":{"self":[{"href":"https:\/\/josepcarleslainez.com\/va\/wp-json\/wp\/v2\/pages\/1660","targetHints":{"allow":["GET"]}}],"collection":[{"href":"https:\/\/josepcarleslainez.com\/va\/wp-json\/wp\/v2\/pages"}],"about":[{"href":"https:\/\/josepcarleslainez.com\/va\/wp-json\/wp\/v2\/types\/page"}],"author":[{"embeddable":true,"href":"https:\/\/josepcarleslainez.com\/va\/wp-json\/wp\/v2\/users\/1"}],"replies":[{"embeddable":true,"href":"https:\/\/josepcarleslainez.com\/va\/wp-json\/wp\/v2\/comments?post=1660"}],"version-history":[{"count":1,"href":"https:\/\/josepcarleslainez.com\/va\/wp-json\/wp\/v2\/pages\/1660\/revisions"}],"predecessor-version":[{"id":3757,"href":"https:\/\/josepcarleslainez.com\/va\/wp-json\/wp\/v2\/pages\/1660\/revisions\/3757"}],"wp:featuredmedia":[{"embeddable":true,"href":"https:\/\/josepcarleslainez.com\/va\/wp-json\/wp\/v2\/media\/2342"}],"wp:attachment":[{"href":"https:\/\/josepcarleslainez.com\/va\/wp-json\/wp\/v2\/media?parent=1660"}],"curies":[{"name":"wp","href":"https:\/\/api.w.org\/{rel}","templated":true}]}}